{"id":5518,"date":"2019-06-13T12:56:26","date_gmt":"2019-06-13T05:56:26","guid":{"rendered":"https:\/\/vietnamvoice.org\/?page_id=5518"},"modified":"2019-06-17T22:29:48","modified_gmt":"2019-06-17T15:29:48","slug":"giang-vien-trainers","status":"publish","type":"page","link":"https:\/\/vietnamvoice.org\/en\/what-we-do\/capacity-building__trashed\/giang-vien-trainers\/","title":{"rendered":"Trainers"},"content":{"rendered":"<p><\/p>\n<h2 style=\"text-align: center;\"><strong>Trainers<\/strong><strong><br \/>\n<\/strong><\/h2>\n<table class=\" alignleft\" style=\"height: 10px; width: 687px; border-style: hidden;\" width=\"604\">\n<tbody>\n<tr style=\"height: 10px;\">\n<td style=\"width: 99.1667px; height: 10px;\" rowspan=\"2\"><a href=\"https:\/\/vietnamvoice.org\/wp-content\/uploads\/2019\/06\/Giang-Vien-mon-Van-Dong-Trinh-Hoi-VIETNAM-VOICE.jpg\"><img loading=\"lazy\" decoding=\"async\" class=\"wp-image-5492\" src=\"https:\/\/vietnamvoice.org\/wp-content\/uploads\/2019\/06\/Giang-Vien-mon-Van-Dong-Trinh-Hoi-VIETNAM-VOICE-225x300.jpg\" alt=\"Giang-Vien-mon-Van-Dong-Trinh-Hoi-VIETNAM-VOICE\" width=\"106\" height=\"141\" srcset=\"https:\/\/vietnamvoice.org\/wp-content\/uploads\/2019\/06\/Giang-Vien-mon-Van-Dong-Trinh-Hoi-VIETNAM-VOICE-225x300.jpg 225w, https:\/\/vietnamvoice.org\/wp-content\/uploads\/2019\/06\/Giang-Vien-mon-Van-Dong-Trinh-Hoi-VIETNAM-VOICE.jpg 272w\" sizes=\"auto, (max-width: 106px) 100vw, 106px\" \/><\/a><\/td>\n<td style=\"width: 574.9px; height: 10px;\" rowspan=\"2\"><strong>Hoi Trinh<\/strong><br \/>\n<em>Advocacy Trainer<\/em><br \/>\nLawyer Hoi Trinh obtained his arts and law degrees in 1995 at Melbourne University (Australia) and master degree at Oxford University (U.K.). He is currently the Executive Director of VOICE.<\/td>\n<\/tr>\n<\/tbody>\n<tbody>\n<tr style=\"height: 10px;\">\n<td style=\"width: 98.6833px; height: 10px;\" rowspan=\"2\"><a href=\"https:\/\/vietnamvoice.org\/wp-content\/uploads\/2019\/06\/Giang-vien-bao-chi-Nguyen-Khanh-VIETNAM-VOICE.jpg\"><img loading=\"lazy\" decoding=\"async\" class=\"wp-image-5491\" src=\"https:\/\/vietnamvoice.org\/wp-content\/uploads\/2019\/06\/Giang-vien-bao-chi-Nguyen-Khanh-VIETNAM-VOICE-225x300.jpg\" alt=\"Giang-vien-bao-chi-Nguyen-Khanh-VIETNAM-VOICE\" width=\"106\" height=\"141\" srcset=\"https:\/\/vietnamvoice.org\/wp-content\/uploads\/2019\/06\/Giang-vien-bao-chi-Nguyen-Khanh-VIETNAM-VOICE-225x300.jpg 225w, https:\/\/vietnamvoice.org\/wp-content\/uploads\/2019\/06\/Giang-vien-bao-chi-Nguyen-Khanh-VIETNAM-VOICE.jpg 386w\" sizes=\"auto, (max-width: 106px) 100vw, 106px\" \/><\/a><\/td>\n<td style=\"width: 564.383px; height: 10px;\" rowspan=\"2\"><strong>Khanh Nguyen<br \/>\n<\/strong><em>Professional Journalism Trainer<\/em><strong><br \/>\n<\/strong>Journalist Khanh Nguyen is the former Director of Radio Free Asia (RFA) and used to work as the Chief Operations Officer (COO) of VOICE<strong><br \/>\n<\/strong><\/td>\n<\/tr>\n<\/tbody>\n<tbody>\n<tr style=\"height: 10px;\">\n<td style=\"width: 98.85px; height: 10px;\" rowspan=\"2\"><a href=\"https:\/\/vietnamvoice.org\/wp-content\/uploads\/2019\/06\/Ong-Shiwei-mot-trong-n\u0103m-th\u00e0nh-vi\u00ean-h\u1ed9i-\u0111\u1ed3ng-qu\u1ea3n-tr\u1ecb-VOICE-VOICES-Board-of-Directors-VIETNAM-VOICE-copy.jpg\"><img loading=\"lazy\" decoding=\"async\" class=\"wp-image-5302\" src=\"https:\/\/vietnamvoice.org\/wp-content\/uploads\/2019\/06\/Ong-Shiwei-mot-trong-n\u0103m-th\u00e0nh-vi\u00ean-h\u1ed9i-\u0111\u1ed3ng-qu\u1ea3n-tr\u1ecb-VOICE-VOICES-Board-of-Directors-VIETNAM-VOICE-copy-224x300.jpg\" alt=\"Ong-Shiwei-mot-trong-n\u0103m-th\u00e0nh-vi\u00ean-h\u1ed9i-\u0111\u1ed3ng-qu\u1ea3n-tr\u1ecb-VOICE-VOICES-Board-of-Directors-VIETNAM-VOICE copy\" width=\"105\" height=\"141\" srcset=\"https:\/\/vietnamvoice.org\/wp-content\/uploads\/2019\/06\/Ong-Shiwei-mot-trong-n\u0103m-th\u00e0nh-vi\u00ean-h\u1ed9i-\u0111\u1ed3ng-qu\u1ea3n-tr\u1ecb-VOICE-VOICES-Board-of-Directors-VIETNAM-VOICE-copy-224x300.jpg 224w, https:\/\/vietnamvoice.org\/wp-content\/uploads\/2019\/06\/Ong-Shiwei-mot-trong-n\u0103m-th\u00e0nh-vi\u00ean-h\u1ed9i-\u0111\u1ed3ng-qu\u1ea3n-tr\u1ecb-VOICE-VOICES-Board-of-Directors-VIETNAM-VOICE-copy.jpg 300w\" sizes=\"auto, (max-width: 105px) 100vw, 105px\" \/><\/a><\/td>\n<td style=\"width: 567.217px; height: 10px;\" rowspan=\"2\"><strong>Shiwei Ye<\/strong><br \/>\nStrategic Thinking Trainer<br \/>\nShiwei has a Masters of International Affairs, focusing on human rights, from Columbia University and a BA in International Relations, focusing on peace and security, from the University of California Davis.<\/td>\n<\/tr>\n<\/tbody>\n<tbody>\n<tr style=\"height: 10px;\">\n<td style=\"width: 98.8833px; height: 10px;\" rowspan=\"2\"><a href=\"https:\/\/vietnamvoice.org\/wp-content\/uploads\/2019\/06\/Giang-vien-Lich-su-phong-trao-dan-chu-Viet-Nam-Nghe-Thuat-Lanh-Dao-Leadership-Giao-su-Doan-Viet-Hoat-VIETNAM-VOICE.jpg\"><img loading=\"lazy\" decoding=\"async\" class=\"wp-image-5532\" src=\"https:\/\/vietnamvoice.org\/wp-content\/uploads\/2019\/06\/Giang-vien-Lich-su-phong-trao-dan-chu-Viet-Nam-Nghe-Thuat-Lanh-Dao-Leadership-Giao-su-Doan-Viet-Hoat-VIETNAM-VOICE-225x300.jpg\" alt=\"Giang-vien-Lich-su-phong-trao-dan-chu-Viet-Nam-Nghe-Thuat-Lanh-Dao-Leadership-Giao-su-Doan-Viet-Hoat-VIETNAM-VOICE\" width=\"106\" height=\"141\" srcset=\"https:\/\/vietnamvoice.org\/wp-content\/uploads\/2019\/06\/Giang-vien-Lich-su-phong-trao-dan-chu-Viet-Nam-Nghe-Thuat-Lanh-Dao-Leadership-Giao-su-Doan-Viet-Hoat-VIETNAM-VOICE-225x300.jpg 225w, https:\/\/vietnamvoice.org\/wp-content\/uploads\/2019\/06\/Giang-vien-Lich-su-phong-trao-dan-chu-Viet-Nam-Nghe-Thuat-Lanh-Dao-Leadership-Giao-su-Doan-Viet-Hoat-VIETNAM-VOICE.jpg 288w\" sizes=\"auto, (max-width: 106px) 100vw, 106px\" \/><\/a><\/td>\n<td style=\"width: 566.183px; height: 10px;\" rowspan=\"2\"><strong>Viet Hoat Doan<\/strong><br \/>\n<em>History of Vietnamese democratic movement, Leadership<\/em><br \/>\nViet Hoat Doan is a journalist, educator, and democratic activist. He received a PhD in education and college administration from Florida State University in 1971. He is often referred to as the &#8220;Sakharov of Vietnam&#8221;.<\/td>\n<\/tr>\n<\/tbody>\n<tbody>\n<tr style=\"height: 10px;\">\n<td style=\"width: 98.8833px; height: 10px;\" rowspan=\"2\"><a href=\"https:\/\/vietnamvoice.org\/wp-content\/uploads\/2019\/06\/Giang-vien-mon-lich-su-Giao-su-Ngo-Nhan-Dung-VIETNAM-VOICE.jpg\"><img loading=\"lazy\" decoding=\"async\" class=\"wp-image-5502\" src=\"https:\/\/vietnamvoice.org\/wp-content\/uploads\/2019\/06\/Giang-vien-mon-lich-su-Giao-su-Ngo-Nhan-Dung-VIETNAM-VOICE-225x300.jpg\" alt=\"Giang-vien-mon-lich-su-Giao-su-Ngo-Nhan-Dung-VIETNAM-VOICE\" width=\"106\" height=\"141\" srcset=\"https:\/\/vietnamvoice.org\/wp-content\/uploads\/2019\/06\/Giang-vien-mon-lich-su-Giao-su-Ngo-Nhan-Dung-VIETNAM-VOICE-225x300.jpg 225w, https:\/\/vietnamvoice.org\/wp-content\/uploads\/2019\/06\/Giang-vien-mon-lich-su-Giao-su-Ngo-Nhan-Dung-VIETNAM-VOICE.jpg 540w\" sizes=\"auto, (max-width: 106px) 100vw, 106px\" \/><\/a><\/td>\n<td style=\"width: 566.183px; height: 10px;\" rowspan=\"2\"><strong>Nhan Dung Ngo<\/strong><br \/>\n<em>Vietnamese Economics and History Trainer<\/em><br \/>\nProfessor Nhan Dung Ngo used to be a professor of Economics in McGill University in Canada. He is the author of \u201cDung Vung Ngan Nam\u201d history book. He is currently the editor-in-chief of the Nguoi Viet Daily News.<\/td>\n<\/tr>\n<\/tbody>\n<tbody>\n<tr style=\"height: 10px;\">\n<td style=\"width: 100.2px; height: 10px;\" rowspan=\"2\"><a href=\"https:\/\/vietnamvoice.org\/wp-content\/uploads\/2019\/06\/Giang-vien-mon-Van-dong-va-luat-phap-chau-Au-Nguyen-Gia-Duong-VIETNAM-VOICE.jpg\"><img loading=\"lazy\" decoding=\"async\" class=\"alignnone wp-image-5505\" src=\"https:\/\/vietnamvoice.org\/wp-content\/uploads\/2019\/06\/Giang-vien-mon-Van-dong-va-luat-phap-chau-Au-Nguyen-Gia-Duong-VIETNAM-VOICE.jpg\" alt=\"Giang-vien-mon-Van-dong-va-luat-phap-chau-Au-Nguyen-Gia-Duong-VIETNAM-VOICE\" width=\"106\" height=\"141\" \/><\/a><\/td>\n<td style=\"width: 574.133px; height: 10px;\" rowspan=\"2\"><strong>Gia Duong Nguyen <\/strong><br \/>\n<em>European Politics and Advocacy Trainer<\/em><br \/>\nGia Duong Nguyen studied Master of Business Law and Tax in HEC University in Paris. He is currently the representative of VOICE in France, and he joins VOICE in their advocacy for human rights in Europe.<\/td>\n<\/tr>\n<\/tbody>\n<tbody>\n<tr style=\"height: 10px;\">\n<td style=\"width: 99.5667px; height: 10px;\" rowspan=\"2\"><a href=\"https:\/\/vietnamvoice.org\/wp-content\/uploads\/2019\/06\/Giang-vien-mon-Quan-ly-du-an-Dinh-Thao-VIETNAM-VOICE.jpg\"><img loading=\"lazy\" decoding=\"async\" class=\"alignnone wp-image-5508\" src=\"https:\/\/vietnamvoice.org\/wp-content\/uploads\/2019\/06\/Giang-vien-mon-Quan-ly-du-an-Dinh-Thao-VIETNAM-VOICE-225x300.jpg\" alt=\"Giang-vien-mon-Quan-ly-du-an-Dinh-Thao-VIETNAM-VOICE\" width=\"106\" height=\"141\" srcset=\"https:\/\/vietnamvoice.org\/wp-content\/uploads\/2019\/06\/Giang-vien-mon-Quan-ly-du-an-Dinh-Thao-VIETNAM-VOICE-225x300.jpg 225w, https:\/\/vietnamvoice.org\/wp-content\/uploads\/2019\/06\/Giang-vien-mon-Quan-ly-du-an-Dinh-Thao-VIETNAM-VOICE.jpg 720w\" sizes=\"auto, (max-width: 106px) 100vw, 106px\" \/><\/a><\/td>\n<td style=\"width: 574.5px; height: 10px;\" rowspan=\"2\"><strong>Thao Dinh\u00a0<\/strong><br \/>\n<em>Project Management Trainer<\/em><br \/>\nThe activist, Dinh Thao, is currently a member of Hate Change and is formerly with the environmental organization Green Trees. In 2017, she delivered an oral statement on the situation of human rights in Vietnam at the 36th session of the United Nations Human Rights Council in Geneva.<\/td>\n<\/tr>\n<\/tbody>\n<tbody>\n<tr style=\"height: 10px;\">\n<td style=\"width: 100.017px; height: 10px;\" rowspan=\"2\"><a href=\"https:\/\/vietnamvoice.org\/wp-content\/uploads\/2019\/06\/Giang-vien-nam-VOICE-VIETNAM.jpg\"><img loading=\"lazy\" decoding=\"async\" class=\"alignnone wp-image-5511\" src=\"https:\/\/vietnamvoice.org\/wp-content\/uploads\/2019\/06\/Giang-vien-nam-VOICE-VIETNAM-225x300.jpg\" alt=\"Giang-vien-nam-VOICE-VIETNAM\" width=\"106\" height=\"141\" srcset=\"https:\/\/vietnamvoice.org\/wp-content\/uploads\/2019\/06\/Giang-vien-nam-VOICE-VIETNAM-225x300.jpg 225w, https:\/\/vietnamvoice.org\/wp-content\/uploads\/2019\/06\/Giang-vien-nam-VOICE-VIETNAM.jpg 389w\" sizes=\"auto, (max-width: 106px) 100vw, 106px\" \/><\/a><\/td>\n<td style=\"width: 574.05px; height: 10px;\" rowspan=\"2\"><strong>Quan Nguyen<br \/>\n<\/strong><em>Trainer on Introductory Politics<\/em><br \/>\nHe graduated with a Master of Engineering in Vietnam, became an intern at VOICE, and is currently the Training Program Manager of VOICE.<strong><br \/>\n<\/strong><\/td>\n<\/tr>\n<\/tbody>\n<tbody>\n<tr style=\"height: 10px;\">\n<td style=\"width: 100.017px; height: 10px;\" rowspan=\"2\"><a href=\"https:\/\/vietnamvoice.org\/wp-content\/uploads\/2019\/06\/Giang-vien-nam-VOICE-VIETNAM.jpg\"><img loading=\"lazy\" decoding=\"async\" class=\"alignnone wp-image-5511\" src=\"https:\/\/vietnamvoice.org\/wp-content\/uploads\/2019\/06\/Giang-vien-nam-VOICE-VIETNAM-225x300.jpg\" alt=\"Giang-vien-nam-VOICE-VIETNAM\" width=\"106\" height=\"141\" srcset=\"https:\/\/vietnamvoice.org\/wp-content\/uploads\/2019\/06\/Giang-vien-nam-VOICE-VIETNAM-225x300.jpg 225w, https:\/\/vietnamvoice.org\/wp-content\/uploads\/2019\/06\/Giang-vien-nam-VOICE-VIETNAM.jpg 389w\" sizes=\"auto, (max-width: 106px) 100vw, 106px\" \/><\/a><\/td>\n<td style=\"width: 574.05px; height: 10px;\" rowspan=\"2\"><strong>Minh Tran\u00a0<\/strong><br \/>\n<em>Trainer on the Principles of Human Rights<\/em><br \/>\nHe graduated with a Master of Human Rights, specializing in Human Rights and Gender Equality. He has been involved with many recent social movements in Vietnam.<\/td>\n<\/tr>\n<\/tbody>\n<tbody>\n<tr style=\"height: 10px;\">\n<td style=\"width: 100.05px; height: 10px;\" rowspan=\"2\"><a href=\"https:\/\/vietnamvoice.org\/wp-content\/uploads\/2019\/06\/Giang-vien-nu-VOICE-VIETNAM.jpg\"><img loading=\"lazy\" decoding=\"async\" class=\"alignnone wp-image-5512\" src=\"https:\/\/vietnamvoice.org\/wp-content\/uploads\/2019\/06\/Giang-vien-nu-VOICE-VIETNAM-225x300.jpg\" alt=\"Giang-vien-nu-VOICE-VIETNAM\" width=\"106\" height=\"142\" srcset=\"https:\/\/vietnamvoice.org\/wp-content\/uploads\/2019\/06\/Giang-vien-nu-VOICE-VIETNAM-225x300.jpg 225w, https:\/\/vietnamvoice.org\/wp-content\/uploads\/2019\/06\/Giang-vien-nu-VOICE-VIETNAM.jpg 388w\" sizes=\"auto, (max-width: 106px) 100vw, 106px\" \/><\/a><\/td>\n<td style=\"width: 574.283px; height: 10px;\" rowspan=\"2\"><strong>An Pham<\/strong><br \/>\n<em>International Relations Trainer (focus on Southeast Asia)<\/em><br \/>\nShe is a specialist in International Relations and has done much research about Southeast Asian issues such as ASEAN history, the conflict between China and the US, and the East Sea (South China Sea) dispute.<\/td>\n<\/tr>\n<\/tbody>\n<\/table>\n<p><\/p>","protected":false},"excerpt":{"rendered":"<p>Trainers Hoi Trinh Advocacy Trainer Lawyer Hoi Trinh obtained his arts and law degrees in 1995 at Melbourne University (Australia) and master degree at Oxford University (U.K.). He is currently the Executive Director of VOICE. Khanh Nguyen Professional Journalism Trainer Journalist Khanh Nguyen is the former Director of Radio Free Asia (RFA) and used to [&hellip;]<\/p>\n","protected":false},"author":13,"featured_media":0,"parent":5265,"menu_order":0,"comment_status":"closed","ping_status":"closed","template":"","meta":{"_exactmetrics_skip_tracking":false,"_exactmetrics_sitenote_active":false,"_exactmetrics_sitenote_note":"","_exactmetrics_sitenote_category":0,"footnotes":""},"class_list":["post-5518","page","type-page","status-publish","hentry"],"_links":{"self":[{"href":"https:\/\/vietnamvoice.org\/en\/wp-json\/wp\/v2\/pages\/5518","targetHints":{"allow":["GET"]}}],"collection":[{"href":"https:\/\/vietnamvoice.org\/en\/wp-json\/wp\/v2\/pages"}],"about":[{"href":"https:\/\/vietnamvoice.org\/en\/wp-json\/wp\/v2\/types\/page"}],"author":[{"embeddable":true,"href":"https:\/\/vietnamvoice.org\/en\/wp-json\/wp\/v2\/users\/13"}],"replies":[{"embeddable":true,"href":"https:\/\/vietnamvoice.org\/en\/wp-json\/wp\/v2\/comments?post=5518"}],"version-history":[{"count":8,"href":"https:\/\/vietnamvoice.org\/en\/wp-json\/wp\/v2\/pages\/5518\/revisions"}],"predecessor-version":[{"id":5592,"href":"https:\/\/vietnamvoice.org\/en\/wp-json\/wp\/v2\/pages\/5518\/revisions\/5592"}],"up":[{"embeddable":true,"href":"https:\/\/vietnamvoice.org\/en\/wp-json\/wp\/v2\/pages\/5265"}],"wp:attachment":[{"href":"https:\/\/vietnamvoice.org\/en\/wp-json\/wp\/v2\/media?parent=5518"}],"curies":[{"name":"wp","href":"https:\/\/api.w.org\/{rel}","templated":true}]}}